{"id":5941,"date":"2025-04-25T09:29:24","date_gmt":"2025-04-25T07:29:24","guid":{"rendered":"https:\/\/api-lux.be\/?page_id=5941"},"modified":"2025-06-27T13:59:16","modified_gmt":"2025-06-27T11:59:16","slug":"actualites","status":"publish","type":"page","link":"https:\/\/api-lux.be\/index.php\/actualites\/","title":{"rendered":"Agenda"},"content":{"rendered":"\n<div style=\"background-color: #383d75; color: white; padding: 2rem; border-radius: 1rem; max-width: 700px; margin: 2rem auto; text-align: center; font-family: Arial, sans-serif;\">\n  <h2 style=\"color: #febd6d; margin-bottom: 1rem;\">\ud83d\udcc5 Informations \u00e0 venir<\/h2>\n  <p style=\"font-size: 1.2rem;\">Cette page est en cours de construction. Bient\u00f4t, vous y trouverez :<\/p>\n  <ul style=\"list-style: none; padding: 0; font-size: 1.1rem; margin-top: 1rem;\">\n    <li style=\"margin: 0.5rem 0;\">\u2705 Agenda des <strong>stages &#038; loisirs inclusifs<\/strong><\/li>\n    <li style=\"margin: 0.5rem 0;\">\u2705 Annonces des <strong>\u00e9v\u00e9nements du r\u00e9seau<\/strong><\/li>\n  <\/ul>\n  <p style=\"margin-top: 2rem; color: #febd6d; font-style: italic; animation: blink 2s infinite;\">\n    Merci pour votre patience !\n  <\/p>\n<\/div>\n\n<style>\n@keyframes blink {\n  0% { opacity: 1; }\n  50% { opacity: 0.4; }\n  100% { opacity: 1; }\n}\n<\/style>\n\n\n\n<div style=\"display: flex; justify-content: center ; gap: 30px; margin: 40px auto; flex-wrap: wrap;\">\n  <a href=https:\/\/api-lux.be\/index.php\/agenda-stages-loisirs-inclusifs\/ style=\"padding: 60px 240px; background-color: #383d75; color: #febd6d; text-align: center; font-family: Arial, sans-serif; border-radius: 6px; font-size: 24px;\">Agenda stages\/loisirs inclusifs<\/a>\n  <a href=https:\/\/api-lux.be\/index.php\/evenements-du-reseau\/ style=\"padding: 60px 280px; background-color: #383d75; color: #febd6d; text-align: center; font-family: Arial, sans-serif; border-radius: 6px; font-size: 24px;\">Ev\u00e9nements du r\u00e9seau<\/a>\n<\/div>\n","protected":false},"excerpt":{"rendered":"<p>\ud83d\udcc5 Informations \u00e0 venir Cette page est en cours de construction. Bient\u00f4t, vous y trouverez : \u2705 Agenda des stages &#038; loisirs inclusifs \u2705 Annonces des \u00e9v\u00e9nements du r\u00e9seau Merci [&hellip;]<\/p>\n","protected":false},"author":6,"featured_media":0,"parent":0,"menu_order":0,"comment_status":"closed","ping_status":"closed","template":"","meta":{"iawp_total_views":52,"footnotes":""},"class_list":["post-5941","page","type-page","status-publish","hentry"],"_links":{"self":[{"href":"https:\/\/api-lux.be\/index.php\/wp-json\/wp\/v2\/pages\/5941","targetHints":{"allow":["GET"]}}],"collection":[{"href":"https:\/\/api-lux.be\/index.php\/wp-json\/wp\/v2\/pages"}],"about":[{"href":"https:\/\/api-lux.be\/index.php\/wp-json\/wp\/v2\/types\/page"}],"author":[{"embeddable":true,"href":"https:\/\/api-lux.be\/index.php\/wp-json\/wp\/v2\/users\/6"}],"replies":[{"embeddable":true,"href":"https:\/\/api-lux.be\/index.php\/wp-json\/wp\/v2\/comments?post=5941"}],"version-history":[{"count":27,"href":"https:\/\/api-lux.be\/index.php\/wp-json\/wp\/v2\/pages\/5941\/revisions"}],"predecessor-version":[{"id":7525,"href":"https:\/\/api-lux.be\/index.php\/wp-json\/wp\/v2\/pages\/5941\/revisions\/7525"}],"wp:attachment":[{"href":"https:\/\/api-lux.be\/index.php\/wp-json\/wp\/v2\/media?parent=5941"}],"curies":[{"name":"wp","href":"https:\/\/api.w.org\/{rel}","templated":true}]}}