{"id":50,"date":"2024-11-25T15:19:13","date_gmt":"2024-11-25T14:19:13","guid":{"rendered":"http:\/\/192.168.1.195\/mdi_w\/?page_id=50"},"modified":"2025-11-24T08:48:40","modified_gmt":"2025-11-24T07:48:40","slug":"qui-sommes-nous","status":"publish","type":"page","link":"https:\/\/api-lux.be\/index.php\/qui-sommes-nous\/","title":{"rendered":"Qui sommes-nous ?"},"content":{"rendered":"\n<!DOCTYPE html>\n<html lang=\"fr\">\n<head>\n  <meta charset=\"UTF-8\" \/>\n  <meta name=\"viewport\" content=\"width=device-width, initial-scale=1.0\"\/>\n  <title>Cartes d&rsquo;identit\u00e9<\/title>\n  <style>\n    body {\n      font-family: Arial, sans-serif;\n    }\n\n    h1 {\n      text-align: center;\n      color: #383d75;\n      margin-top: 30px;\n      margin-bottom: 10px;\n    }\n\n    .card-container {\n      display: flex;\n      justify-content: center;\n      gap: 20px;\n      flex-wrap: wrap;\n      padding: 20px;\n      background-color: #f5f5f5;\n    }\n\n    .card {\n      background-color: #ffffff;\n      border: 2px solid #383d75;\n      border-radius: 10px;\n      width: 250px;\n      padding: 15px;\n      box-shadow: 0 4px 6px rgba(0,0,0,0.1);\n      text-align: center;\n      flex-shrink: 0;\n    }\n\n    .card img {\n      width: 100%;\n      height: auto;\n      border-radius: 10px;\n      margin-bottom: 10px;\n    }\n\n    .name {\n      font-size: 18px;\n      font-weight: bold;\n      color: #383d75;\n    }\n\n    .role {\n      font-size: 14px;\n      color: #383d75;\n      margin-bottom: 10px;\n    }\n\n    .contact, .availability {\n      font-size: 13px;\n      color: #333;\n      margin-bottom: 5px;\n    }\n\n    .availability {\n      font-style: italic;\n      color: #febd6d;\n    }\n  <\/style>\n<\/head>\n<body>\n  <h1>Notre \u00e9quipe<\/h1>\n  <div class=\"card-container\">\n\n   \n\n    <div class=\"card\">\n      <img decoding=\"async\" src=\"https:\/\/api-lux.be\/wp-content\/uploads\/2025\/04\/H2-NB-scaled.jpeg\" alt=\"Photo H\u00e9l\u00e8ne Clette\">\n      <div class=\"name\">CLETTE H\u00e9l\u00e8ne<\/div>\n      <div class=\"role\">R\u00e9f\u00e9rente \u2013 \u00c9ducatrice sp\u00e9cialis\u00e9e<\/div>\n      <div class=\"contact\">0485\/24.66.90<\/div>\n      <div class=\"contact\">helene.clette@api-lux.be<\/div>\n      <div class=\"availability\">Mi-temps sur le projet et absente une semaine sur quatre<\/div>\n    <\/div>\n\n    <div class=\"card\">\n      <img decoding=\"async\" src=\"https:\/\/api-lux.be\/wp-content\/uploads\/2025\/04\/L3-NB-scaled.jpeg\" alt=\"Photo Laurence Goebel\">\n      <div class=\"name\">GOEBEL Laurence<\/div>\n      <div class=\"role\">R\u00e9f\u00e9rente \u2013 \u00c9ducatrice sp\u00e9cialis\u00e9e<\/div>\n      <div class=\"contact\">0455\/19.35.32<\/div>\n      <div class=\"contact\">laurence.goebel@api-lux.be<\/div>\n      <div class=\"availability\">Mi-temps sur le projet et au service r\u00e9pit (CAPAL asbl)<\/div>\n    <\/div>\n\n    <div class=\"card\">\n      <img decoding=\"async\" src=\"https:\/\/api-lux.be\/wp-content\/uploads\/2025\/04\/AL3-NB-scaled.jpeg\" alt=\"Photo Aline Boiteux\">\n      <div class=\"name\">BOITEUX Aline<\/div>\n      <div class=\"role\">R\u00e9ferente \u2013 Psychologue<\/div>\n      <div class=\"contact\">0455\/19.35.30<\/div>\n      <div class=\"contact\">aline.boiteux@api-lux.be<\/div>\n      <div class=\"availability\">Un jour par semaine sur le projet (CAPAL asbl)<\/div>\n    <\/div>\n  <\/div>\n<\/body>\n<\/html>\n\n\n\n<!-- Cadre gris pour les missions -->\n<div style=\"background-color: #e0e0e0; border-radius: 16px; padding: 40px 20px; width: 100%; box-sizing: border-box; margin: 40px 0;\">\n  <div style=\"max-width: 900px; margin: 0 auto;\">\n\n    <div class=\"missions\">\n      <h2>Nos missions actuelles<\/h2>\n\n      <!-- Premi\u00e8re ligne : 3 missions -->\n      <div class=\"mission-row\" style=\"justify-content: center; flex-wrap: nowrap;\">\n        <div class=\"mission-item\">\n          <img decoding=\"async\" src=\"https:\/\/api-lux.be\/wp-content\/uploads\/2025\/04\/ChatGPT-Image-22-avr.-2025-13_30_36.png\" alt=\"Mission 1\">\n          <div class=\"mission-text\">\n            <strong>Promotion et gestion de la plateforme API-Lux<\/strong>\n            Alimenter, mettre \u00e0 jour et partager les ressources disponibles.\n          <\/div>\n        <\/div>\n        <div class=\"mission-item\">\n          <img decoding=\"async\" src=\"https:\/\/api-lux.be\/wp-content\/uploads\/2025\/04\/ChatGPT-Image-22-avr.-2025-13_34_57.png\" alt=\"Mission 2\">\n          <div class=\"mission-text\">\n            <strong>Offrir un soutien concret aux familles et professionnels<\/strong>\n            Intervenir \u00e0 vos c\u00f4t\u00e9s dans les situations difficiles li\u00e9es \u00e0 la d\u00e9ficience intellectuelle.\n          <\/div>\n        <\/div>\n        <div class=\"mission-item\">\n          <img decoding=\"async\" src=\"https:\/\/api-lux.be\/wp-content\/uploads\/2025\/04\/ChatGPT-Image-22-avr.-2025-13_57_13.png\" alt=\"Mission 3\">\n          <div class=\"mission-text\">\n            <strong>Organisation de demi-journ\u00e9es d\u2019\u00e9change<\/strong>\n            Encourager le partage d\u2019outils, de bonnes pratiques et d\u2019astuces entre professionnels et\/ou entre parents.\n          <\/div>\n        <\/div>\n      <\/div>\n\n      <!-- Deuxi\u00e8me ligne : 2 missions centr\u00e9es -->\n      <div class=\"mission-row\" style=\"justify-content: center; flex-wrap: nowrap; margin-top: 20px;\">\n        <div class=\"mission-item\">\n          <img decoding=\"async\" src=\"https:\/\/api-lux.be\/wp-content\/uploads\/2025\/04\/ChatGPT-Image-22-avr.-2025-14_09_19.png\" alt=\"Mission 4\">\n          <div class=\"mission-text\">\n            <strong>Recenser et diffuser les ressources existantes<\/strong>\n            Tisser du lien et orienter familles et professionnels vers les services les plus adapt\u00e9s.\n          <\/div>\n        <\/div>\n        <div class=\"mission-item\">\n          <img decoding=\"async\" src=\"https:\/\/api-lux.be\/wp-content\/uploads\/2025\/04\/ChatGPT-Image-22-avr.-2025-14_16_20.png\" alt=\"Mission 5\">\n          <div class=\"mission-text\">\n            <strong>Sensibiliser et informer<\/strong>\n            Concevoir et animer des modules autour des th\u00e9matiques li\u00e9es \u00e0 la d\u00e9ficience intellectuelle.\n          <\/div>\n        <\/div>\n      <\/div>\n\n    <\/div>\n\n  <\/div>\n<\/div>\n\n<style>\n.missions {\n  text-align: center;\n}\n.missions h2 {\n  color: #383d75;\n  margin-bottom: 20px;\n}\n.mission-row {\n  display: flex;\n  justify-content: center;\n  gap: 20px;\n}\n.mission-item {\n  background-color: #f5f5f5;\n  border-radius: 16px;\n  box-shadow: 0 4px 8px rgba(0,0,0,0.05);\n  padding: 15px;\n  display: flex;\n  flex-direction: column;\n  align-items: center;\n  text-align: center;\n  width: 300px;\n}\n.mission-item img {\n  max-width: 100px;\n  margin-bottom: 10px;\n}\n.mission-text {\n  color: #383d75;\n}\n.mission-text strong {\n  display: block;\n  margin-bottom: 5px;\n}\n\n@media (max-width: 768px) {\n  .mission-row {\n    flex-direction: column;\n    align-items: center;\n  }\n}\n<\/style>\n\n\n\n<div style=\"text-align: center; margin-top: 50px;\">\n    <h2 style=\"color: #383d75;\">Pour en savoir davantage :<\/h2>\n    <div style=\"display: flex; flex-direction: column; align-items: center; gap: 20px;\">\n        <a href=\"https:\/\/api-lux.be\/index.php\/qui-sommes-nous\/methodologie-et-objectifs-finaux\/\" \n           style=\"background-color: #e2bcbb; color: #000000; padding: 15px 30px; text-decoration: none; font-size: 1.2em; border-radius: 8px; transition: all 0.3s ease; box-shadow: 0 4px 8px rgba(0, 0, 0, 0.2);\"\n           target=\"_blank\">\n           M\u00e9thodologie, objectifs et philosophie\n        <\/a>\n        <a href=\"https:\/\/api-lux.be\/index.php\/qui-sommes-nous\/le-reseau-matilda\/\" \n           style=\"background-color: #94d3be; color: #000000; padding: 15px 30px; text-decoration: none; font-size: 1.2em; border-radius: 8px; transition: all 0.3s ease; box-shadow: 0 4px 8px rgba(0, 0, 0, 0.2);\"\n           target=\"_blank\">\n           Le R\u00e9seau Matilda\n        <\/a>\n        <a href=\"https:\/\/api-lux.be\/index.php\/qui-sommes-nous\/logo-dapi-lux\/\" \n           style=\"background-color: #fa526c; color: #000000; padding: 15px 30px; text-decoration: none; font-size: 1.2em; border-radius: 8px; transition: all 0.3s ease; box-shadow: 0 4px 8px rgba(0, 0, 0, 0.2);\"\n           target=\"_blank\">\n           D\u00e9pliant de notre service\n        <\/a>\n    <\/div>\n<\/div>\n\n<style>\n    \/* Effet de survol des liens *\/\n    a:hover {\n        opacity: 0.8;\n        transform: translateY(-5px);\n        box-shadow: 0 6px 12px rgba(0, 0, 0, 0.3);\n    }\n<\/style>\n","protected":false},"excerpt":{"rendered":"<p>Cartes d&rsquo;identit\u00e9 Notre \u00e9quipe CLETTE H\u00e9l\u00e8ne R\u00e9f\u00e9rente \u2013 \u00c9ducatrice sp\u00e9cialis\u00e9e 0485\/24.66.90 helene.clette@api-lux.be Mi-temps sur le projet et absente une semaine sur quatre GOEBEL Laurence R\u00e9f\u00e9rente \u2013 \u00c9ducatrice sp\u00e9cialis\u00e9e 0455\/19.35.32 laurence.goebel@api-lux.be [&hellip;]<\/p>\n","protected":false},"author":1,"featured_media":0,"parent":0,"menu_order":0,"comment_status":"closed","ping_status":"closed","template":"","meta":{"iawp_total_views":624,"footnotes":""},"class_list":["post-50","page","type-page","status-publish","hentry"],"_links":{"self":[{"href":"https:\/\/api-lux.be\/index.php\/wp-json\/wp\/v2\/pages\/50","targetHints":{"allow":["GET"]}}],"collection":[{"href":"https:\/\/api-lux.be\/index.php\/wp-json\/wp\/v2\/pages"}],"about":[{"href":"https:\/\/api-lux.be\/index.php\/wp-json\/wp\/v2\/types\/page"}],"author":[{"embeddable":true,"href":"https:\/\/api-lux.be\/index.php\/wp-json\/wp\/v2\/users\/1"}],"replies":[{"embeddable":true,"href":"https:\/\/api-lux.be\/index.php\/wp-json\/wp\/v2\/comments?post=50"}],"version-history":[{"count":131,"href":"https:\/\/api-lux.be\/index.php\/wp-json\/wp\/v2\/pages\/50\/revisions"}],"predecessor-version":[{"id":8458,"href":"https:\/\/api-lux.be\/index.php\/wp-json\/wp\/v2\/pages\/50\/revisions\/8458"}],"wp:attachment":[{"href":"https:\/\/api-lux.be\/index.php\/wp-json\/wp\/v2\/media?parent=50"}],"curies":[{"name":"wp","href":"https:\/\/api.w.org\/{rel}","templated":true}]}}