{"id":295,"date":"2025-01-04T15:47:34","date_gmt":"2025-01-04T14:47:34","guid":{"rendered":"http:\/\/localhost\/mdi_w\/?page_id=295"},"modified":"2025-01-21T14:25:48","modified_gmt":"2025-01-21T13:25:48","slug":"plan-du-site","status":"publish","type":"page","link":"https:\/\/api-lux.be\/index.php\/plan-du-site\/","title":{"rendered":"Plan du site"},"content":{"rendered":"<div class=\"wsp-container\"><ul class=\"wsp-pages-list\">\n<li class=\"page_item page-item-75\"><a href=\"https:\/\/api-lux.be\/\">Accueil<\/a><\/li>\n<li class=\"page_item page-item-5941\"><a href=\"https:\/\/api-lux.be\/index.php\/actualites\/\">Agenda<\/a><\/li>\n<li class=\"page_item page-item-32\"><a href=\"https:\/\/api-lux.be\/index.php\/contact\/\">Contact<\/a><\/li>\n<li class=\"page_item page-item-1813\"><a href=\"https:\/\/api-lux.be\/index.php\/contributeurs\/\">Contributeurs<\/a><\/li>\n<li class=\"page_item page-item-156 page_item_has_children\"><a href=\"https:\/\/api-lux.be\/index.php\/ensemble-des-fiches-outils\/\">Ensemble des fiches outils<\/a>\n<ul class='children'>\n\t<li class=\"page_item page-item-216\"><a href=\"https:\/\/api-lux.be\/index.php\/ensemble-des-fiches-outils\/outils-pour-les-aidants-proches\/\">Outils pour les aidants proches<\/a><\/li>\n\t<li class=\"page_item page-item-219\"><a href=\"https:\/\/api-lux.be\/index.php\/ensemble-des-fiches-outils\/outils-pour-les-professionnels\/\">Outils pour les professionnels<\/a><\/li>\n\t<li class=\"page_item page-item-221\"><a href=\"https:\/\/api-lux.be\/index.php\/ensemble-des-fiches-outils\/outils-pour-les-jeunes\/\">Soutien pour les jeunes<\/a><\/li>\n<\/ul>\n<\/li>\n<li class=\"page_item page-item-12\"><a href=\"https:\/\/api-lux.be\/index.php\/liens-utiles\/\">Liens utiles<\/a><\/li>\n<li class=\"page_item page-item-56\"><a href=\"https:\/\/api-lux.be\/index.php\/mentions-legales\/\">Mentions l\u00e9gales<\/a><\/li>\n<li class=\"page_item page-item-6438\"><a href=\"https:\/\/api-lux.be\/index.php\/nos-articles\/\">Nos articles<\/a><\/li>\n<li class=\"page_item page-item-295\"><a href=\"https:\/\/api-lux.be\/index.php\/plan-du-site\/\">Plan du site<\/a><\/li>\n<li class=\"page_item page-item-50 page_item_has_children\"><a href=\"https:\/\/api-lux.be\/index.php\/qui-sommes-nous\/\">Qui sommes-nous ?<\/a>\n<ul class='children'>\n\t<li class=\"page_item page-item-98\"><a href=\"https:\/\/api-lux.be\/index.php\/qui-sommes-nous\/logo-dapi-lux\/\">D\u00e9pliant de notre service<\/a><\/li>\n\t<li class=\"page_item page-item-104\"><a href=\"https:\/\/api-lux.be\/index.php\/qui-sommes-nous\/le-reseau-matilda\/\">Le R\u00e9seau Matilda : le r\u00e9seau de sant\u00e9 mentale pour les enfants et les adolescents en province de Luxembourg<\/a><\/li>\n\t<li class=\"page_item page-item-93\"><a href=\"https:\/\/api-lux.be\/index.php\/qui-sommes-nous\/methodologie-et-objectifs-finaux\/\">M\u00e9thodologie, objectifs et philosophie<\/a><\/li>\n<\/ul>\n<\/li>\n<li class=\"page_item page-item-5938\"><a href=\"https:\/\/api-lux.be\/index.php\/agenda-stages-loisirs-inclusifs\/\">Stages et loisirs inclusifs<\/a><\/li>\n<li class=\"page_item page-item-7188\"><a href=\"https:\/\/api-lux.be\/index.php\/archives-des-evenements\/\">\ud83d\udcc2 Archives des \u00e9v\u00e9nements<\/a><\/li>\n<\/ul>\n<\/div>\n\n\n\n<h2 class=\"wp-block-heading\">Cat\u00e9gories du site<\/h2>\n\n\n<div class=\"wsp-container\"><ul class=\"wsp-categories-list\">\n\t<li><a href=\"https:\/\/api-lux.be\/index.php\/category\/informations-et-communication\/actualites\/\">Actualit\u00e9s<\/a><\/li>\n\t<li><a href=\"https:\/\/api-lux.be\/index.php\/category\/besoins\/besoins-cognitifs\/adaptation-des-apprentissages\/\">Adaptation des apprentissages<\/a><\/li>\n\t<li><a href=\"https:\/\/api-lux.be\/index.php\/category\/informations-et-communication\/agenda\/\">Agenda<\/a><\/li>\n\t<li><a href=\"https:\/\/api-lux.be\/index.php\/category\/informations-et-communication\/agenda\/agenda-stages-loisirs-inclusifs\/\">Agenda stages\/loisirs inclusifs<\/a><\/li>\n\t<li><a href=\"https:\/\/api-lux.be\/index.php\/category\/besoins\/besoins-de-securite\/amenagement-environnement\/\">Am\u00e9nagement environnement<\/a><\/li>\n\t<li><a href=\"https:\/\/api-lux.be\/index.php\/category\/besoins\/besoins-daccomplissement\/autonomie-et-responsabilisation\/\">Autonomie et responsabilisation<\/a><\/li>\n\t<li><a href=\"https:\/\/api-lux.be\/index.php\/category\/besoins\/\">Besoins<\/a><\/li>\n\t<li><a href=\"https:\/\/api-lux.be\/index.php\/category\/besoins\/besoins-cognitifs\/\">Besoins cognitifs<\/a><\/li>\n\t<li><a href=\"https:\/\/api-lux.be\/index.php\/category\/besoins\/besoins-daccomplissement\/\">Besoins d'accomplissement<\/a><\/li>\n\t<li><a href=\"https:\/\/api-lux.be\/index.php\/category\/besoins\/besoins-dappartenance\/\">Besoins d'appartenance<\/a><\/li>\n\t<li><a href=\"https:\/\/api-lux.be\/index.php\/category\/besoins\/besoins-destime\/\">Besoins d'estime<\/a><\/li>\n\t<li><a href=\"https:\/\/api-lux.be\/index.php\/category\/besoins\/besoins-de-securite\/\">Besoins de s\u00e9curit\u00e9<\/a><\/li>\n\t<li><a href=\"https:\/\/api-lux.be\/index.php\/category\/besoins\/besoins-physiologiques\/\">Besoins physiologiques<\/a><\/li>\n\t<li><a href=\"https:\/\/api-lux.be\/index.php\/category\/besoins\/besoins-physiologiques\/bien-etre\/\">Bien-\u00eatre<\/a><\/li>\n\t<li><a href=\"https:\/\/api-lux.be\/index.php\/category\/besoins\/besoins-de-securite\/cadre-et-limites\/\">Cadre et limites<\/a><\/li>\n\t<li><a href=\"https:\/\/api-lux.be\/index.php\/category\/besoins\/besoins-de-securite\/coherence\/\">Coh\u00e9rence<\/a><\/li>\n\t<li><a href=\"https:\/\/api-lux.be\/index.php\/category\/besoins\/besoins-cognitifs\/communication\/\">Communication<\/a><\/li>\n\t<li><a href=\"https:\/\/api-lux.be\/index.php\/category\/besoins\/besoins-daccomplissement\/culture\/\">Culture<\/a><\/li>\n\t<li><a href=\"https:\/\/api-lux.be\/index.php\/category\/informations-et-communication\/agenda\/evenements-du-reseau\/\">\u00c9v\u00e9nements du r\u00e9seau<\/a><\/li>\n\t<li><a href=\"https:\/\/api-lux.be\/index.php\/category\/besoins\/besoins-dappartenance\/famille-et-milieu-de-vie\/\">Famille et milieu de vie<\/a><\/li>\n\t<li><a href=\"https:\/\/api-lux.be\/index.php\/category\/fiches-outils\/\">Fiches outils<\/a><\/li>\n\t<li><a href=\"https:\/\/api-lux.be\/index.php\/category\/fiches-outils\/fiches-outils-pour-les-aidants-proches\/\">Fiches outils pour les aidants proches<\/a><\/li>\n\t<li><a href=\"https:\/\/api-lux.be\/index.php\/category\/fiches-outils\/fiches-outils-pour-les-jeunes\/\">fiches outils pour les jeunes<\/a><\/li>\n\t<li><a href=\"https:\/\/api-lux.be\/index.php\/category\/fiches-outils\/fiches-outils-pour-les-professionnels\/\">fiches outils pour les professionnels<\/a><\/li>\n\t<li><a href=\"https:\/\/api-lux.be\/index.php\/category\/besoins\/besoins-destime\/gestion-des-emotions\/\">Gestion des \u00e9motions<\/a><\/li>\n\t<li><a href=\"https:\/\/api-lux.be\/index.php\/category\/besoins\/besoins-dappartenance\/inclusion-sociale-et-reseau-sociaux\/\">Inclusion sociale et r\u00e9seau sociaux<\/a><\/li>\n\t<li><a href=\"https:\/\/api-lux.be\/index.php\/category\/besoins\/besoins-destime\/individualisation\/\">Individualisation<\/a><\/li>\n\t<li><a href=\"https:\/\/api-lux.be\/index.php\/category\/informations-et-communication\/\">Informations et communication<\/a><\/li>\n\t<li><a href=\"https:\/\/api-lux.be\/index.php\/category\/besoins\/besoins-cognitifs\/materiel-specifique\/\">Mat\u00e9riel sp\u00e9cifique<\/a><\/li>\n\t<li><a href=\"https:\/\/api-lux.be\/index.php\/category\/non-classe\/\">Non class\u00e9<\/a><\/li>\n\t<li><a href=\"https:\/\/api-lux.be\/index.php\/category\/besoins\/besoins-cognitifs\/outils-pedagogiques-pour-les-pro\/\">Outils p\u00e9dagogiques pour les pro<\/a><\/li>\n\t<li><a href=\"https:\/\/api-lux.be\/index.php\/category\/trucs-et-astuces\/pour-les-professionnels\/\">Pour les professionnels<\/a><\/li>\n\t<li><a href=\"https:\/\/api-lux.be\/index.php\/category\/besoins\/besoins-daccomplissement\/projection\/\">Projection<\/a><\/li>\n\t<li><a href=\"https:\/\/api-lux.be\/index.php\/category\/besoins\/besoins-de-securite\/rituels\/\">Rituels<\/a><\/li>\n\t<li><a href=\"https:\/\/api-lux.be\/index.php\/category\/besoins\/besoins-physiologiques\/sante-alimentation-sommeil-hygiene\/\">Sant\u00e9: alimentation, sommeil, hygi\u00e8ne<\/a><\/li>\n\t<li><a href=\"https:\/\/api-lux.be\/index.php\/category\/besoins\/besoins-physiologiques\/soin-pistes-et-outils-professionnels\/\">Soin (pistes et outils professionnels)<\/a><\/li>\n\t<li><a href=\"https:\/\/api-lux.be\/index.php\/category\/besoins\/besoins-daccomplissement\/spiritualite\/\">Spiritualit\u00e9<\/a><\/li>\n\t<li><a href=\"https:\/\/api-lux.be\/index.php\/category\/trucs-et-astuces\/\">Trucs et astuces<\/a><\/li>\n\t<li><a href=\"https:\/\/api-lux.be\/index.php\/category\/besoins\/besoins-destime\/valorisation-confiance\/\">Valorisation - confiance<\/a><\/li>\n\t<li><a href=\"https:\/\/api-lux.be\/index.php\/category\/besoins\/besoins-dappartenance\/vie-affective\/\">Vie affective<\/a><\/li>\n<\/ul>\n<\/div>\n","protected":false},"excerpt":{"rendered":"<p>Cat\u00e9gories du site<\/p>\n","protected":false},"author":1,"featured_media":0,"parent":0,"menu_order":0,"comment_status":"closed","ping_status":"closed","template":"","meta":{"iawp_total_views":37,"footnotes":""},"class_list":["post-295","page","type-page","status-publish","hentry"],"_links":{"self":[{"href":"https:\/\/api-lux.be\/index.php\/wp-json\/wp\/v2\/pages\/295","targetHints":{"allow":["GET"]}}],"collection":[{"href":"https:\/\/api-lux.be\/index.php\/wp-json\/wp\/v2\/pages"}],"about":[{"href":"https:\/\/api-lux.be\/index.php\/wp-json\/wp\/v2\/types\/page"}],"author":[{"embeddable":true,"href":"https:\/\/api-lux.be\/index.php\/wp-json\/wp\/v2\/users\/1"}],"replies":[{"embeddable":true,"href":"https:\/\/api-lux.be\/index.php\/wp-json\/wp\/v2\/comments?post=295"}],"version-history":[{"count":14,"href":"https:\/\/api-lux.be\/index.php\/wp-json\/wp\/v2\/pages\/295\/revisions"}],"predecessor-version":[{"id":353,"href":"https:\/\/api-lux.be\/index.php\/wp-json\/wp\/v2\/pages\/295\/revisions\/353"}],"wp:attachment":[{"href":"https:\/\/api-lux.be\/index.php\/wp-json\/wp\/v2\/media?parent=295"}],"curies":[{"name":"wp","href":"https:\/\/api.w.org\/{rel}","templated":true}]}}