{"id":216,"date":"2024-12-10T15:13:46","date_gmt":"2024-12-10T14:13:46","guid":{"rendered":"http:\/\/localhost\/mdi_w\/?page_id=216"},"modified":"2025-09-23T11:28:44","modified_gmt":"2025-09-23T09:28:44","slug":"outils-pour-les-aidants-proches","status":"publish","type":"page","link":"https:\/\/api-lux.be\/index.php\/ensemble-des-fiches-outils\/outils-pour-les-aidants-proches\/","title":{"rendered":"Outils pour les aidants proches"},"content":{"rendered":"\n<p><mark style=\"background-color:rgba(0, 0, 0, 0)\" class=\"has-inline-color has-black-color\">D\u00e9couvrez une s\u00e9lection de fiches pratiques con\u00e7ues sp\u00e9cialement pour vous, aidants proches de jeunes avec une d\u00e9ficience intellectuelle. Vous y trouverez des outils concrets pour vous accompagner au quotidien et mettre en place des interventions adapt\u00e9es \u00e0 leurs besoins.<\/mark><\/p>\n\n\n\n<p class=\"has-background\" style=\"background-color:#febd6d\"><strong>Explorez la liste compl\u00e8te des ressources con\u00e7ues pour vous :<\/strong><\/p>\n\n\n\n<div class=\"wp-block-query is-layout-flow wp-block-query-is-layout-flow\"><ul class=\"wp-block-post-template is-layout-flow wp-block-post-template-is-layout-flow\"><li class=\"wp-block-post post-8461 post type-post status-publish format-standard hentry category-besoins category-besoins-dappartenance category-besoins-physiologiques category-fiches-outils category-fiches-outils-pour-les-aidants-proches category-fiches-outils-pour-les-professionnels category-inclusion-sociale-et-reseau-sociaux category-soin-pistes-et-outils-professionnels\">\n<h2 class=\"wp-block-post-title\"><a href=\"https:\/\/api-lux.be\/index.php\/2025\/11\/24\/smap-lux-plateforme-repertoire-et-outils-dorientation-en-sante-mentale\/\" target=\"_self\" >SMap-Lux \u2014 Plateforme: r\u00e9pertoire et outils d\u2019orientation en sant\u00e9 mentale<\/a><\/h2>\n\n\n\n<div class=\"wp-block-post-excerpt\"><p class=\"wp-block-post-excerpt__excerpt\">\ud83c\udf10 Plateforme num\u00e9rique simple et accessible permettant de s\u2019orienter dans les services de sant\u00e9 mentale en province de Luxembourg.\ud83e\udded Elle offre un r\u00e9pertoire clair et des outils d\u2019aide \u00e0 l\u2019orientation [&hellip;] <\/p><\/div>\n\n<div class=\"wp-block-post-date\"><time datetime=\"2025-11-24T09:28:10+01:00\">24 novembre 2025<\/time><\/div>\n\n\n<p><\/p>\n\n\n\n<hr class=\"wp-block-separator has-css-opacity\"\/>\n\n<\/li><li class=\"wp-block-post post-8423 post type-post status-publish format-standard hentry category-besoins category-communication category-fiches-outils category-fiches-outils-pour-les-aidants-proches category-fiches-outils-pour-les-professionnels\">\n<h2 class=\"wp-block-post-title\"><a href=\"https:\/\/api-lux.be\/index.php\/2025\/10\/21\/comalso-association-de-promotion-la-communication-alternative-et-augmentative-caa\/\" target=\"_self\" >Comalso \u2013 association de promotion la communication alternative et augmentative (CAA)<\/a><\/h2>\n\n\n\n<div class=\"wp-block-post-excerpt\"><p class=\"wp-block-post-excerpt__excerpt\">\ud83d\udde3\ufe0f COMMUNICATION &#8211; Comalso est une association belge qui \u0153uvre pour que toute personne priv\u00e9e de langage oral acc\u00e8de \u00e0 une communication adapt\u00e9e et inclusive. <\/p><\/div>\n\n<div class=\"wp-block-post-date\"><time datetime=\"2025-10-21T15:36:28+02:00\">21 octobre 2025<\/time><\/div>\n\n\n<p><\/p>\n\n\n\n<hr class=\"wp-block-separator has-css-opacity\"\/>\n\n<\/li><li class=\"wp-block-post post-8420 post type-post status-publish format-standard hentry category-adaptation-des-apprentissages category-besoins category-besoins-cognitifs category-fiches-outils category-fiches-outils-pour-les-aidants-proches category-fiches-outils-pour-les-professionnels\">\n<h2 class=\"wp-block-post-title\"><a href=\"https:\/\/api-lux.be\/index.php\/2025\/10\/21\/materiel-pour-faciliter-la-lecture-les-editeurs-atypiques-vers-une-lecture-vraiment-accessible-a-tous\/\" target=\"_self\" >Mat\u00e9riel pour faciliter la lecture: Les \u00c9diteurs Atypiques \u2013 Vers une lecture vraiment accessible \u00e0 tous<\/a><\/h2>\n\n\n\n<div class=\"wp-block-post-excerpt\"><p class=\"wp-block-post-excerpt__excerpt\">\ud83d\udcda Am\u00e9nagement scolaire &#8211; Collectif de maisons d\u2019\u00e9dition sp\u00e9cialis\u00e9es dans les livres adapt\u00e9s aux besoins sp\u00e9cifiques de lecture (troubles DYS, autisme, d\u00e9ficiences sensorielles ou intellectuelles). <\/p><\/div>\n\n<div class=\"wp-block-post-date\"><time datetime=\"2025-10-21T15:07:19+02:00\">21 octobre 2025<\/time><\/div>\n\n\n<p><\/p>\n\n\n\n<hr class=\"wp-block-separator has-css-opacity\"\/>\n\n<\/li><li class=\"wp-block-post post-8417 post type-post status-publish format-standard hentry category-adaptation-des-apprentissages category-besoins-cognitifs category-fiches-outils category-fiches-outils-pour-les-aidants-proches category-fiches-outils-pour-les-professionnels category-materiel-specifique category-outils-pedagogiques-pour-les-pro\">\n<h2 class=\"wp-block-post-title\"><a href=\"https:\/\/api-lux.be\/index.php\/2025\/10\/21\/materiel-pour-faciliter-la-lecture-adabam-editions-de-lecture-adaptee-pour-tous\/\" target=\"_self\" >Mat\u00e9riel pour faciliter la lecture: Adabam \u2013 \u00c9ditions de lecture adapt\u00e9e pour tous<\/a><\/h2>\n\n\n\n<div class=\"wp-block-post-excerpt\"><p class=\"wp-block-post-excerpt__excerpt\">\ud83d\udcda Am\u00e9nagement scolaire &#8211; Adabam est une maison d\u2019\u00e9dition sp\u00e9cialis\u00e9e dans les livres adapt\u00e9s aux jeunes lecteurs en difficult\u00e9. Elle propose des outils concrets et bienveillants pour favoriser l\u2019acc\u00e8s \u00e0 [&hellip;] <\/p><\/div>\n\n<div class=\"wp-block-post-date\"><time datetime=\"2025-10-21T13:54:48+02:00\">21 octobre 2025<\/time><\/div>\n\n\n<p><\/p>\n\n\n\n<hr class=\"wp-block-separator has-css-opacity\"\/>\n\n<\/li><li class=\"wp-block-post post-8400 post type-post status-publish format-standard hentry category-besoins-physiologiques category-bien-etre category-fiches-outils category-fiches-outils-pour-les-aidants-proches category-fiches-outils-pour-les-professionnels category-sante-alimentation-sommeil-hygiene category-soin-pistes-et-outils-professionnels\">\n<h2 class=\"wp-block-post-title\"><a href=\"https:\/\/api-lux.be\/index.php\/2025\/09\/26\/comprendre-et-traiter-les-poux-outils-pour-sensibiliser-familles-et-enfants\/\" target=\"_self\" >Comprendre et traiter les poux : outils pour sensibiliser familles et enfants<\/a><\/h2>\n\n\n\n<div class=\"wp-block-post-excerpt\"><p class=\"wp-block-post-excerpt__excerpt\">\ud83e\ude7a SOIN \u2013 SANTE &#8211; Un ensemble d\u2019outils ludiques, accessibles et adaptables pour aborder la question des poux avec les enfants et les familles <\/p><\/div>\n\n<div class=\"wp-block-post-date\"><time datetime=\"2025-09-26T15:32:36+02:00\">26 septembre 2025<\/time><\/div>\n\n\n<p><\/p>\n\n\n\n<hr class=\"wp-block-separator has-css-opacity\"\/>\n\n<\/li><li class=\"wp-block-post post-8159 post type-post status-publish format-standard hentry category-besoins category-besoins-daccomplissement category-besoins-dappartenance category-fiches-outils category-fiches-outils-pour-les-aidants-proches category-fiches-outils-pour-les-professionnels category-inclusion-sociale-et-reseau-sociaux category-projection\">\n<h2 class=\"wp-block-post-title\"><a href=\"https:\/\/api-lux.be\/index.php\/2025\/08\/19\/trouver-sa-voie-les-structures-daccompagnement-a-la-formation-a-lemploi-et-a-linsertion-en-province-du-luxembourg\/\" target=\"_self\" >Trouver sa voie : les structures d\u2019accompagnement \u00e0 la formation, \u00e0 l\u2019emploi et \u00e0 l\u2019insertion en province du Luxembourg<\/a><\/h2>\n\n\n\n<div class=\"wp-block-post-excerpt\"><p class=\"wp-block-post-excerpt__excerpt\">\ud83d\udcdd Une fiche pratique pour mieux comprendre les acteurs qui soutiennent les parcours de formation, d&#8217;emploi et d&rsquo;insertion socio-professionnels dans la r\u00e9gion <\/p><\/div>\n\n<div class=\"wp-block-post-date\"><time datetime=\"2025-08-19T08:46:59+02:00\">19 ao\u00fbt 2025<\/time><\/div>\n\n\n<p><\/p>\n\n\n\n<hr class=\"wp-block-separator has-css-opacity\"\/>\n\n<\/li><\/ul>\n\n<nav class=\"wp-block-query-pagination is-layout-flex wp-block-query-pagination-is-layout-flex\" aria-label=\"Pagination\">\n\n\n<div class=\"wp-block-query-pagination-numbers\"><span aria-current=\"page\" class=\"page-numbers current\">1<\/span>\n<a class=\"page-numbers\" href=\"?query-20-page=2\">2<\/a>\n<a class=\"page-numbers\" href=\"?query-20-page=3\">3<\/a>\n<span class=\"page-numbers dots\">\u2026<\/span>\n<a class=\"page-numbers\" href=\"?query-20-page=40\">40<\/a><\/div>\n\n<a href=\"\/index.php\/wp-json\/wp\/v2\/pages\/216?query-20-page=2\" class=\"wp-block-query-pagination-next\">Page suivante<\/a>\n<\/nav><\/div>\n\n\n\n<!DOCTYPE html>\n<html lang=\"fr\">\n<head>\n  <meta charset=\"UTF-8\">\n  <title>API-Lux &#8211; Outils<\/title>\n  <style>\n    body {\n      margin: 0;\n      font-family: 'Open Sans', sans-serif;\n    }\n    .tools-section {\n      display: flex;\n      flex-wrap: wrap;\n      justify-content: center;\n      gap: 20px;\n      margin: 30px auto;\n      max-width: 1000px;\n    }\n    .tool-button {\n      flex: 1 1 300px;\n      display: flex;\n      flex-direction: column;\n      align-items: center;\n      justify-content: center;\n      padding: 20px;\n      border-radius: 16px;\n      text-decoration: none;\n      font-weight: bold;\n      font-size: 1.1rem;\n      transition: 0.3s;\n      box-shadow: 0 4px 10px rgba(0,0,0,0.1);\n      background-color: #383d75;\n      color: #fa526c;\n      text-align: center;\n    }\n    .tool-button img {\n      max-height: 60px;\n      margin-bottom: 10px;\n    }\n    .tool-button:hover {\n      transform: translateY(-8px);\n      box-shadow: 0 8px 20px rgba(0,0,0,0.2);\n    }\n    @media (max-width: 768px) {\n      .tools-section {\n        flex-direction: column;\n        align-items: stretch;\n      }\n    }\n  <\/style>\n<\/head>\n<body>\n  <div class=\"tools-section\">\n    <a class=\"tool-button\" href=\"https:\/\/api-lux.be\/index.php\/ensemble-des-fiches-outils\/outils-pour-les-professionnels\/\">\n      <img decoding=\"async\" src=\"https:\/\/api-lux.be\/wp-content\/uploads\/2025\/04\/ChatGPT-Image-23-avr.-2025-10_32_43-1.png\" alt=\"Pro\">\n      Outils pour les professionnels\n    <\/a>\n    <a class=\"tool-button\" href=\"https:\/\/api-lux.be\/index.php\/ensemble-des-fiches-outils\/outils-pour-les-aidants-proches\/\">\n      <img decoding=\"async\" src=\"https:\/\/api-lux.be\/wp-content\/uploads\/2025\/04\/famille-enfant-bouton-1-1.png\" alt=\"Aidant\">\n      Outils pour les aidants proches\n    <\/a>\n    <a class=\"tool-button\" href=\"https:\/\/api-lux.be\/index.php\/ensemble-des-fiches-outils\/outils-pour-les-jeunes\/\">\n      <img decoding=\"async\" src=\"https:\/\/api-lux.be\/wp-content\/uploads\/2025\/04\/ChatGPT-Image-25-avr.-2025-a-08_50_57.png\" alt=\"Jeune\">\n      Soutien pour les jeunes\n    <\/a>\n  <\/div>\n<\/body>\n<\/html>\n","protected":false},"excerpt":{"rendered":"<p>D\u00e9couvrez une s\u00e9lection de fiches pratiques con\u00e7ues sp\u00e9cialement pour vous, aidants proches de jeunes avec une d\u00e9ficience intellectuelle. Vous y trouverez des outils concrets pour vous accompagner au quotidien et [&hellip;]<\/p>\n","protected":false},"author":1,"featured_media":0,"parent":156,"menu_order":0,"comment_status":"closed","ping_status":"closed","template":"","meta":{"iawp_total_views":495,"footnotes":""},"class_list":["post-216","page","type-page","status-publish","hentry"],"_links":{"self":[{"href":"https:\/\/api-lux.be\/index.php\/wp-json\/wp\/v2\/pages\/216","targetHints":{"allow":["GET"]}}],"collection":[{"href":"https:\/\/api-lux.be\/index.php\/wp-json\/wp\/v2\/pages"}],"about":[{"href":"https:\/\/api-lux.be\/index.php\/wp-json\/wp\/v2\/types\/page"}],"author":[{"embeddable":true,"href":"https:\/\/api-lux.be\/index.php\/wp-json\/wp\/v2\/users\/1"}],"replies":[{"embeddable":true,"href":"https:\/\/api-lux.be\/index.php\/wp-json\/wp\/v2\/comments?post=216"}],"version-history":[{"count":10,"href":"https:\/\/api-lux.be\/index.php\/wp-json\/wp\/v2\/pages\/216\/revisions"}],"predecessor-version":[{"id":8387,"href":"https:\/\/api-lux.be\/index.php\/wp-json\/wp\/v2\/pages\/216\/revisions\/8387"}],"up":[{"embeddable":true,"href":"https:\/\/api-lux.be\/index.php\/wp-json\/wp\/v2\/pages\/156"}],"wp:attachment":[{"href":"https:\/\/api-lux.be\/index.php\/wp-json\/wp\/v2\/media?parent=216"}],"curies":[{"name":"wp","href":"https:\/\/api.w.org\/{rel}","templated":true}]}}