{"id":1813,"date":"2025-02-27T15:24:30","date_gmt":"2025-02-27T14:24:30","guid":{"rendered":"https:\/\/api-lux.be\/?page_id=1813"},"modified":"2025-10-30T13:38:58","modified_gmt":"2025-10-30T12:38:58","slug":"contributeurs","status":"publish","type":"page","link":"https:\/\/api-lux.be\/index.php\/contributeurs\/","title":{"rendered":"Contributeurs"},"content":{"rendered":"\n<style>\n  .api-section {\n    font-family: Arial, sans-serif;\n    margin: 2rem auto;\n    max-width: 1200px;\n    padding: 1rem;\n    color: #383d75;\n  }\n\n  .api-section h2 {\n    background-color: #febd6d;\n    color: #383d75;\n    padding: 0.5rem 1rem;\n    border-radius: 10px;\n    margin-top: 2rem;\n    font-size: 1.8rem;\n  }\n\n  .api-section h3 {\n    margin-top: 1.5rem;\n    font-size: 1.4rem;\n    color: #383d75;\n    border-left: 5px solid #febd6d;\n    padding-left: 1rem;\n  }\n\n  .api-section p {\n    line-height: 1.6;\n    margin: 1rem 0;\n  }\n\n  .api-section ul {\n    list-style: none;\n    padding-left: 1rem;\n  }\n\n  .api-section li {\n    margin-bottom: 0.5rem;\n    padding: 0.5rem;\n    background-color: #f8f6f1;\n    border-left: 4px solid #febd6d;\n    border-radius: 6px;\n  }\n\n  .api-section a {\n    color: #383d75;\n    text-decoration: none;\n    font-weight: bold;\n  }\n\n  .api-section a:hover {\n    text-decoration: underline;\n  }\n\n  .highlight-box {\n    background-color: #fff9f4;\n    border: 2px solid #febd6d;\n    border-radius: 10px;\n    padding: 1rem;\n    margin: 2rem 0;\n  }\n\n  .thanks {\n    font-size: 1.5rem;\n    font-weight: bold;\n    text-align: center;\n    color: #383d75;\n    margin: 3rem 0 2rem;\n  }\n\n  @media (max-width: 768px) {\n    .api-section {\n      padding: 1rem;\n    }\n    .api-section h2 {\n      font-size: 1.4rem;\n    }\n    .api-section h3 {\n      font-size: 1.2rem;\n    }\n  }\n<\/style>\n\n<div class=\"api-section\">\n\n  <h2>Introduction<\/h2>\n  <div class=\"highlight-box\">\n    <p>Le d\u00e9ficit intellectuel n\u00e9cessite une approche sp\u00e9cifique et adapt\u00e9e \u00e0 chaque individu. Pour offrir un accompagnement de qualit\u00e9 aux enfants et adolescents concern\u00e9s, il est essentiel de fournir aux professionnels, aux aidants proches et aux jeunes eux-m\u00eames des outils concrets et sur mesure.<\/p>\n    <p>Cette collection de fiches pratiques r\u00e9pond \u00e0 ce besoin en proposant des informations claires et des conseils concrets pour favoriser le d\u00e9veloppement, l\u2019autonomie, la communication et le bien-\u00eatre de chacun, dans toutes les sph\u00e8res de la vie sociale.<\/p>\n    <p>Pendant deux ann\u00e9es, nous avons collect\u00e9 ces outils aupr\u00e8s de professionnels issus de cinq secteurs cl\u00e9s de l\u2019aide et du soutien aux enfants \u00e0 besoins sp\u00e9cifiques :<\/p>\n    <ul>\n      <li>l\u2019h\u00e9bergement,<\/li>\n      <li>l\u2019aide en milieu ouvert,<\/li>\n      <li>le domaine scolaire,<\/li>\n      <li>le secteur m\u00e9dical,<\/li>\n      <li>les loisirs.<\/li>\n    <\/ul>\n    <p>Notre d\u00e9marche vise \u00e0 centraliser ici le fruit de leur travail, en partageant leurs astuces du quotidien, ainsi que des outils plus sp\u00e9cifiques qu\u2019ils utilisent pour contribuer \u00e0 l\u2019\u00e9panouissement des enfants qu\u2019ils accompagnent. Nous les remercions chaleureusement pour leur confiance, leur cr\u00e9ativit\u00e9 et le temps qu\u2019ils nous ont accord\u00e9.<\/p>\n    <p>Dans un souci de lisibilit\u00e9 et d\u2019acc\u00e8s \u00e0 des ressources compl\u00e9mentaires, nous avons pris soin de cr\u00e9er des liens vers des sites internet et des plateformes existantes lorsque cela \u00e9tait possible. Vous pourrez ainsi naviguer librement pour approfondir certains sujets ou d\u00e9couvrir d\u2019autres approches inspirantes.<\/p>\n  <\/div>\n\n  <h2>Un outil \u00e0 partager ?<\/h2>\n  <div class=\"highlight-box\">\n    <p>Notre plateforme se veut \u00e9galement participative ! Elle sera r\u00e9guli\u00e8rement enrichie de nouvelles id\u00e9es et ressources. N\u2019h\u00e9sitez pas \u00e0 nous partager les v\u00f4tres en nous \u00e9crivant \u00e0 notre adresse email : <a href=\"mailto:contact@api-lux.be\">contact@api-lux.be<\/a>.<\/p>\n    <p>Ensemble, continuons \u00e0 construire un environnement bienveillant et stimulant pour chaque enfant !<\/p>\n  <\/div>\n\n  <h2>Les contributeurs par secteur :<\/h2>\n\n  <div class=\"secteur\">\n <!-- SECTEUR H\u00c9BERGEMENT -->\n  <h3>Secteur h\u00e9bergement<\/h3>\n<ul>\n  <li><a href=\"https:\/\/familledaccueil.be\/center\/laccueil-familial-antenne-luxembourg\/\" target=\"_blank\">L\u2019Accueil Familial \u2013 Libramont<\/a><\/li>\n  <li><a href=\"https:\/\/www.hacf-marloie-marche.be\/\" target=\"_blank\">Internat Sp\u00e9cialis\u00e9 de Marche-Marloie \u2013 Marche-en-Famenne<\/a><\/li>\n  <li><a href=\"https:\/\/lureso.be\/page\/fiche.php?id=14646&#038;nom=Institution_publique_de_protection_de_la_jeunesse\" target=\"_blank\">IPPJ de Saint-Hubert \u2013 Saint-Hubert<\/a><\/li>\n  <li><a href=\"https:\/\/implaprovidence.be\/index.php\/proximam\" target=\"_blank\">Proximam \u2013 \u00c9talle<\/a><\/li>\n  <li><a href=\"https:\/\/www.lureso.be\/page\/fiche.php?id=170&#038;nom=Centre_d\" target=\"_blank\">SAPSE Centre d\u2019Accueil Saint-Aubain \u2013 Habay<\/a><\/li>\n  <li><a href=\"https:\/\/familledaccueil.be\/center\/service-familles-daccueil-durgence-sfau\/\" target=\"_blank\">Service d\u2019Accueil Familial d\u2019Urgence \u2013 Libramont<\/a><\/li>\n  <li><a href=\"https:\/\/www.lureso.be\/page\/fiche.php?id=13697&#038;nom=Andage_-_Service_de_Logements_Supervises\" target=\"_blank\">SLS Andage \u2013 Bastogne<\/a><\/li>\n  <li><a href=\"https:\/\/implaprovidence.be\/index.php\/d-une-rive-a-l-autre\" target=\"_blank\">SLS D\u2019une Rive \u00e0 l\u2019Autre \u2013 \u00c9talle<\/a><\/li>\n  <li><a href=\"https:\/\/www.lureso.be\/page\/fiche.php?id=165&#038;nom=Home_Chanteclair\" target=\"_blank\">SRG Home Chanteclair \u2013 Carlsbourg<\/a><\/li>\n  <li><a href=\"https:\/\/www.lureso.be\/page\/fiche.php?id=129&#038;nom=Foyer_La_Fermette\" target=\"_blank\">SRG Foyer la Fermette \u2013 Chanly<\/a><\/li>\n  <li><a href=\"https:\/\/www.lureso.be\/page\/fiche.php?id=421&#038;nom=_\" target=\"_blank\">SRG La Capucine \u2013 Libin<\/a><\/li>\n  <li><a href=\"https:\/\/laruchesaae.blogspot.com\/p\/presentation.html\" target=\"_blank\">SRG La Ruche \u2013 Bertogne<\/a><\/li>\n  <li><a href=\"https:\/\/www.lureso.be\/page\/fiche.php?id=116&#038;nom=L_Edelweiss\" target=\"_blank\">SRG L\u2019Edelweiss \u2013 Hollange<\/a><\/li>\n  <li><a href=\"https:\/\/www.lureso.be\/page\/fiche.php?id=121&#038;nom=_\" target=\"_blank\">SRG Les Bruy\u00e8res \u2013 Amonines<\/a><\/li>\n  <li><a href=\"https:\/\/www.lureso.be\/page\/fiche.php?id=531&#038;nom=le_vieux_moulin\" target=\"_blank\">SRG Le Vieux Moulin \u2013 Fauvillers<\/a><\/li>\n  <li><a href=\"https:\/\/www.arlon.be\/ma-commune\/social\/cpas\/services\/maison-denfants-le-pre-en-bulles\" target=\"_blank\">SRG Pr\u00e9 en Bulles \u2013 Arlon<\/a><\/li>\n  <li><a href=\"https:\/\/www.implaprovidence.be\/\" target=\"_blank\">SRJ \u00ab IMP La Providence \u00bb \u2013 \u00c9talle<\/a><\/li>\n  <li><a href=\"https:\/\/www.impmespetits.be\/\" target=\"_blank\">SRJ \u00ab IMP Mes Petits \u00bb \u2013 Habay<\/a><\/li>\n  <li><a href=\"https:\/\/www.acis-asbl.be\/etablissements\/handicap\/service-residentiel-pour-jeunes-barvaux-sur-ourthe\/\" target=\"_blank\">SRJ de Barvaux \u2013 Barvaux-sur-Ourthe<\/a><\/li>\n  <li><a href=\"https:\/\/www.lureso.be\/page\/fiche.php?id=52&#038;nom=Service_Residentiel_pour_Jeunes\" target=\"_blank\">SRJ de Ethe \u2013 Ethe<\/a><\/li>\n  <li><a href=\"https:\/\/www.lureso.be\/page\/fiche.php?id=44&#038;nom=Service_Residentiel_pour_Jeunes_-_Val_d_Aisne\" target=\"_blank\">SRJ du Val d\u2019Aisne \u2013 Erez\u00e9e<\/a><\/li>\n<\/ul>\n\n<div class=\"secteur\">\n <!-- SECTEUR SCOLAIRE -->\n  <h3>Secteur scolaire<\/h3>\n  <ul>\n    <li><a href=\"https:\/\/cpmswbevirton.be\/\" target=\"_blank\">Centre Psycho-M\u00e9dico-Social de la F\u00e9d\u00e9ration Wallonie Bruxelles \u2013 Virton<\/a><\/li>\n    <li><a href=\"http:\/\/www.enseignement.be\/index.php?page=24791&#038;etab_id=4957\" target=\"_blank\">Centre Psycho-M\u00e9dico-Social de la Communaut\u00e9 Fran\u00e7aise \u2013 Arlon<\/a><\/li>\n    <li><a href=\"https:\/\/www.cpmslvirton1.be\/\" target=\"_blank\">Centre Psycho-M\u00e9dico-Social Libre 1 \u2013 Virton<\/a><\/li>\n    <li><a href=\"http:\/\/www.enseignement.be\/index.php?page=24791&#038;etab_id=4969\" target=\"_blank\">Centre Psycho-M\u00e9dico-Social Libre 2 \u2013 Marche-en-Famenne<\/a><\/li>\n    <li><a href=\"https:\/\/specialise-saintmard.be\/\" target=\"_blank\">\u00c9cole d\u2019Enseignement Sp\u00e9cialis\u00e9 primaire et secondaire \u2013 Saint-Mard<\/a><\/li>\n    <li><a href=\"https:\/\/my.one.be\/ecole-de-devoirs\/2032781\" target=\"_blank\">\u00c9cole des devoirs Papier Bulles Bourdon \u2013 Hotton<\/a><\/li>\n    <li><a href=\"https:\/\/fondamental.ecoledumardasson.be\/\" target=\"_blank\">\u00c9cole fondamentale libre du Mardasson \u2013 Bastogne<\/a><\/li>\n    <li><a href=\"https:\/\/secondaire.ecoledumardasson.be\/\" target=\"_blank\">\u00c9cole secondaire libre du Mardasson \u2013 Bastogne<\/a><\/li>\n    <li><a href=\"https:\/\/www.ecolecroixblanche.be\/index.html\" target=\"_blank\">\u00c9cole sp\u00e9cialis\u00e9e de Croix-Blanche \u2013 Bastogne<\/a><\/li>\n    <li><a href=\"https:\/\/www.ecoleprovidence.be\/\" target=\"_blank\">\u00c9cole secondaire professionnelle \u00ab La Providence \u00bb \u2013 \u00c9talle<\/a><\/li>\n    <li><a href=\"https:\/\/www.acis-asbl.be\/etablissements\/enseignement-specialise\/ecole-fondamentale-clairval\/\" target=\"_blank\">\u00c9cole fondamentale Clairval \u2013 Barvaux<\/a><\/li>\n    <li><a href=\"https:\/\/www.acis-asbl.be\/etablissements\/enseignement-specialise\/ecole-secondaire-clairval\/\" target=\"_blank\">\u00c9cole secondaire Clairval \u2013 Barvaux<\/a><\/li>\n    <li><a href=\"https:\/\/www.implaprovidence.be\/index.php\/nos-projets\/la-courte-echelle-sas-j\" target=\"_blank\">La Courte-\u00c9chelle \u2013 \u00c9talle<\/a><\/li>\n    <li><a href=\"https:\/\/pole.ecoledumardasson.be\/\" target=\"_blank\">P\u00f4le territorial du Mardasson \u2013 Bastogne<\/a><\/li>\n    <li><a href=\"https:\/\/www.ecoleprovidence.be\/pole-territorial\" target=\"_blank\">P\u00f4le territorial du Sud Luxembourg \u2013 \u00c9talle<\/a><\/li>\n    <li><a href=\"https:\/\/www.poleterritorial.province.luxembourg.be\/fiche-identite\" target=\"_blank\">P\u00f4le territorial provincial de Ethe \u2013 Ethe<\/a><\/li>\n  <\/ul>\n<\/div>\n<div class=\"secteur\">\n <!-- SECTEUR M\u00c9DICAL -->\n  <h3>Secteur m\u00e9dical<\/h3>\n  <ul>\n    <li><a href=\"https:\/\/www.centreeclore.be\/Accueil_1.html\" target=\"_blank\">Centre \u00c9clore \u2013 Libramont<\/a><\/li>\n    <li><a href=\"https:\/\/matilda-lux.be\/equipes-mobiles-lodyssee\/\" target=\"_blank\">\u00c9quipe Mobile de crise de l\u2019Odyss\u00e9e \/ Double Diagnostic \/ Longue dur\u00e9e \u2013 Libramont<\/a><\/li>\n    <li><a href=\"https:\/\/www.vivalia.be\/hopital-psychiatrique-de-bertrix\/equipes-mobiles-adultes-diapazon\" target=\"_blank\">\u00c9quipe Mobile Diapazon \u2013 Bertrix<\/a><\/li>\n    <li><a href=\"https:\/\/marcheetsante.be\/\" target=\"_blank\">Maison m\u00e9dicale \u2013 Marche-en-Famenne<\/a><\/li>\n    <li><a href=\"https:\/\/www.vivalia.be\/maternite-libramont\" target=\"_blank\">Maternit\u00e9 \u2013 Libramont<\/a><\/li>\n    <li><a href=\"https:\/\/my.one.be\/consultation\/1131618\" target=\"_blank\">PEP\u2019s \u2013 Bastogne<\/a><\/li>\n    <li><a href=\"https:\/\/my.one.be\/consultation\/27\" target=\"_blank\">PEP\u2019s \u2013 Marche-en-Famenne<\/a><\/li>\n    <li><a href=\"https:\/\/my.one.be\/consultation\/703\" target=\"_blank\">PEP\u2019s \u2013 Saint-Hubert<\/a><\/li>\n    <li><a href=\"https:\/\/www.vivalia.be\/pediatrie-libramont\" target=\"_blank\">P\u00e9diatrie \u2013 Libramont<\/a><\/li>\n    <li><a href=\"https:\/\/www.vivalia.be\/psychiatrie-pavillon-3-adolescents-bertrix\" target=\"_blank\">Psychiatrie Pavillon 3 \u2013 Bertrix<\/a><\/li>\n    <li><a href=\"https:\/\/www.vivalia.be\/psychiatrie-pavillon-6-unite-dintensification-aigue-bertrix\" target=\"_blank\">Psychiatrie Pavillon 6 \u2013 Bertrix<\/a><\/li>\n    <li><a href=\"https:\/\/www.vivalia.be\/psychiatrie-pavillon-7-unite-dintensification-chronique-et-defense-sociale-bertrix\" target=\"_blank\">Psychiatrie Pavillon 7 \u2013 Bertrix<\/a><\/li>\n    <li><a href=\"https:\/\/www.vivalia.be\/urgences-libramont\" target=\"_blank\">Urgences \u2013 Libramont<\/a><\/li>\n  <\/ul>\n<\/div>\n<div class=\"secteur\">\n   <!-- SECTEUR MILIEU OUVERT -->\n  <h3>Secteur milieu ouvert<\/h3>\n  <ul>\n    <li><a href=\"https:\/\/www.micados.be\/\" target=\"_blank\">AMO Mic-ados \u2013 Marche-en-Famenne<\/a><\/li>\n    <li><a href=\"https:\/\/www.vivalia.be\/crechndo-libramont\" target=\"_blank\">Crech\u2019ndo \u2013 Libramont<\/a><\/li>\n    <li><a href=\"http:\/\/www.promemploi.be\/projets-et-services\/le-tisserand\/\" target=\"_blank\">DSI Le Tisserand \u2013 Arlon<\/a><\/li>\n    <li><a href=\"https:\/\/madolux.luxembourg.be\/\" target=\"_blank\">MADO \u2013 Marche-en-Famenne<\/a><\/li>\n    <li><a href=\"https:\/\/altergosite.wordpress.com\/alter-go-jeunesse\/\" target=\"_blank\">SACJAS Alter&#038;Go \u2013 Arlon<\/a><\/li>\n    <li><a href=\"https:\/\/www.andage.be\/nos-services\/service-daccueil-de-jour\/#1484749094117-02510bb4-53ac\" target=\"_blank\">SAJA Andage \u2013 Bastogne<\/a><\/li>\n    <li><a href=\"https:\/\/altergosite.wordpress.com\/alter-go-petite-enfance\/\" target=\"_blank\">SAJE Alter&#038;Go petite enfance \u2013 Arlon<\/a><\/li>\n    <li><a href=\"https:\/\/www.premierspasasbl.be\/\" target=\"_blank\">SAJE Premier pas \u2013 Sainte-Ode<\/a><\/li>\n    <li><a href=\"https:\/\/lureso.be\/page\/fiche.php?id=75&#038;nom=Le_Gue\" target=\"_blank\">SAPSE Le Gu\u00e9 \u2013 Marche-en-Famenne<\/a><\/li>\n    <li><a href=\"https:\/\/www.lureso.be\/page\/fiche.php?id=173&#038;nom=Le_Nid\" target=\"_blank\">SASE Le Nid \u2013 \u00c9talle<\/a><\/li>\n    <li><a href=\"https:\/\/www.sdj.be\/\" target=\"_blank\"> AMO Service Droits des Jeunes &#8211; Province de Luxembourg \u2013 Arlon<\/a><\/li>\n    <li><a href=\"https:\/\/www.service-accompagnement.be\/\" target=\"_blank\">Service d\u2019accompagnement S\u00e9same \u2013 Virton<\/a><\/li>\n    <li><a href=\"https:\/\/www.alem-luxembourg.be\/fr\/missions\/sos-enfants\" target=\"_blank\">SOS Enfants \u2013 Bertrix<\/a><\/li>\n    <li><a href=\"https:\/\/la-clairiere-arlon.be\/notre-action\/#page\" target=\"_blank\">Starter \u2013 Arlon<\/a><\/li>\n  <\/ul>\n<\/div>\n<div class=\"secteur\">\n  <!-- SECTEUR LOISIRS\/CULTURE -->\n  <h3>Secteur loisirs\/culture<\/h3>\n  <ul>\n    <li><a href=\"https:\/\/www.c-paje.be\/reseau\/structure\/203\" target=\"_blank\">Accueil Temps Libre \u2013 Bertrix<\/a><\/li>\n    <li><a href=\"https:\/\/www.neufchateau.be\/vivre-a-neufchateau\/enfance-et-education\/accueil-temps-libre\/atl\" target=\"_blank\">Accueil Temps Libre \u2013 Neufch\u00e2teau<\/a><\/li>\n    <li><a href=\"https:\/\/www.autonomia.org\/professionnel\/adap-ta-nage\" target=\"_blank\">Adap\u2019ta nage \u2013 Bastogne<\/a><\/li>\n    <li><a href=\"https:\/\/www.animalaine.com\/\" target=\"_blank\">Animalaine \u2013 Bastogne<\/a><\/li>\n    <li><a href=\"https:\/\/www.mslux.be\/partenaires\/assilux\/\" target=\"_blank\">AssiLux \u2013 Saint Hubert<\/a><\/li>\n    <li><a href=\"https:\/\/www.etalle.be\/bibliotheque.html\" target=\"_blank\">Biblioth\u00e8que \u2013 \u00c9talle<\/a><\/li>\n    <li><a href=\"https:\/\/www.atelier-asbl.org\/\" target=\"_blank\">CEC L\u2019Atelier \u2013 Barvaux-sur-Ourthe<\/a><\/li>\n    <li><a href=\"https:\/\/miroirvagabond.be\/ateliers\/ateliers-creatifs-hangart-2\/\" target=\"_blank\">CEC Le Miroir Vagabond \u2013 Hotton<\/a><\/li>\n    <li><a href=\"https:\/\/www.sport-adeps.be\/a-propos\/centres-adeps\/engreux\/\" target=\"_blank\">Centre Adeps Engreux \u2013 Houffalize<\/a><\/li>\n    <li><a href=\"https:\/\/arc-en-ciel.be\/hebergement\/#ferme\" target=\"_blank\">Centre Arc-en-Ciel \u00ab La Ferme \u00bb \u2013 Virton<\/a><\/li>\n    <li><a href=\"https:\/\/maison-culture-arlon.be\/category\/ateliers-cec\/\" target=\"_blank\">Centre d\u2019Expression et de la Cr\u00e9ativit\u00e9 \u2013 Arlon<\/a><\/li>\n    <li><a href=\"https:\/\/www.sportleglise.com\/home3.asp?ClubID=648&#038;LG=FR\" target=\"_blank\">Centre sportif \u2013 L\u00e9glise<\/a><\/li>\n    <li><a href=\"https:\/\/www.centresportiftenneville.be\/\" target=\"_blank\">Centre sportif \u2013 Tenneville<\/a><\/li>\n    <li><a href=\"https:\/\/www.cyrilchocolat.be\/\" target=\"_blank\">Cyril Chocolat \u2013 La Roche<\/a><\/li>\n    <li><a href=\"https:\/\/extraponey.be\/\" target=\"_blank\">Extra Poney ASBL \u2013 Tenneville<\/a><\/li>\n    <li><a href=\"https:\/\/www.houtopia.be\/\" target=\"_blank\">Houtopia \u2013 Houffalize<\/a><\/li>\n    <li><a href=\"https:\/\/www.lureso.be\/page\/fiche.php?id=14066&#038;nom=Maison_de_Jeunes\" target=\"_blank\">Maison des Jeunes \u2013 Virton<\/a><\/li>\n    <li><a href=\"https:\/\/www.mjlibratoiasbl.com\/\" target=\"_blank\">Maison des Jeunes Libratoi ASBL \u2013 Libramont<\/a><\/li>\n    <li><a href=\"https:\/\/ocarina.be\/\" target=\"_blank\">Ocarina ASBL \u2013 Arlon<\/a><\/li>\n    <li><a href=\"http:\/\/www.atlantide.be\/?i=2\" target=\"_blank\">Piscine Atlantide \u2013 Marloie<\/a><\/li>\n  <\/ul>\n<\/div>\n\n  <div class=\"thanks\">Nous remercions une nouvelle fois tous les professionnels et toutes les familles ayant contribu\u00e9 \u00e0 la cr\u00e9ation de la plateforme, ainsi que toutes les personnes, qui \u00e0 l\u2019heure actuelle, continuent de l\u2019enrichir.<br><br>MERCI !<\/div>\n<\/div>\n\n\n\n<style>\n  .api-section {\n    font-family: Arial, sans-serif;\n    margin: 2rem auto;\n    max-width: 1200px;\n    padding: 1rem;\n    color: #383d75;\n    animation: fadeIn 1s ease-in;\n  }\n\n  .api-section h2 {\n    background-color: #febd6d;\n    color: #383d75;\n    padding: 0.5rem 1rem;\n    border-radius: 10px;\n    margin-top: 2rem;\n    font-size: 1.8rem;\n    position: relative;\n    transition: transform 0.3s;\n  }\n\n  .api-section h2:hover {\n    transform: scale(1.02);\n  }\n\n  .api-section h3 {\n    margin-top: 1.5rem;\n    font-size: 1.4rem;\n    color: #383d75;\n    border-left: 5px solid #febd6d;\n    padding-left: 1rem;\n    position: relative;\n  }\n\n  .api-section h3::before {\n    content: \"\u25b6\";\n    position: absolute;\n    left: -1.5rem;\n    top: 0;\n    color: #fa526c;\n    font-size: 1rem;\n    opacity: 0.7;\n  }\n\n  .api-section p {\n    line-height: 1.6;\n    margin: 1rem 0;\n    animation: slideIn 0.6s ease-in-out;\n  }\n\n  .api-section ul {\n    list-style: none;\n    padding-left: 1rem;\n  }\n\n  .api-section li {\n    margin-bottom: 0.5rem;\n    padding: 0.5rem;\n    background-color: #f8f6f1;\n    border-left: 4px solid #febd6d;\n    border-radius: 6px;\n    transition: background-color 0.3s, transform 0.3s;\n  }\n\n  .api-section li:hover {\n    background-color: #ffe8cf;\n    transform: translateX(5px);\n  }\n\n  .api-section a {\n    color: #383d75;\n    text-decoration: none;\n    font-weight: bold;\n    transition: color 0.3s;\n  }\n\n  .api-section a:hover {\n    text-decoration: underline;\n    color: #fa526c;\n  }\n\n  .highlight-box {\n    background-color: #fff9f4;\n    border: 2px solid #febd6d;\n    border-radius: 10px;\n    padding: 1rem;\n    margin: 2rem 0;\n    box-shadow: 2px 2px 10px rgba(0,0,0,0.05);\n    animation: fadeInUp 0.8s ease;\n  }\n\n  .thanks {\n    font-size: 1.5rem;\n    font-weight: bold;\n    text-align: center;\n    color: #383d75;\n    margin: 3rem 0 2rem;\n  }\n\n  @media (max-width: 768px) {\n    .api-section {\n      padding: 1rem;\n    }\n    .api-section h2 {\n      font-size: 1.4rem;\n    }\n    .api-section h3 {\n      font-size: 1.2rem;\n    }\n  }\n\n  \/* Animations *\/\n  @keyframes fadeIn {\n    0% { opacity: 0; transform: translateY(20px); }\n    100% { opacity: 1; transform: translateY(0); }\n  }\n\n  @keyframes slideIn {\n    0% { opacity: 0; transform: translateX(-20px); }\n    100% { opacity: 1; transform: translateX(0); }\n  }\n\n  @keyframes fadeInUp {\n    0% { opacity: 0; transform: translateY(40px); }\n    100% { opacity: 1; transform: translateY(0); }\n  }\n<\/style>\n","protected":false},"excerpt":{"rendered":"<p>Introduction Le d\u00e9ficit intellectuel n\u00e9cessite une approche sp\u00e9cifique et adapt\u00e9e \u00e0 chaque individu. Pour offrir un accompagnement de qualit\u00e9 aux enfants et adolescents concern\u00e9s, il est essentiel de fournir aux [&hellip;]<\/p>\n","protected":false},"author":6,"featured_media":0,"parent":0,"menu_order":0,"comment_status":"closed","ping_status":"closed","template":"","meta":{"iawp_total_views":344,"footnotes":""},"class_list":["post-1813","page","type-page","status-publish","hentry"],"_links":{"self":[{"href":"https:\/\/api-lux.be\/index.php\/wp-json\/wp\/v2\/pages\/1813","targetHints":{"allow":["GET"]}}],"collection":[{"href":"https:\/\/api-lux.be\/index.php\/wp-json\/wp\/v2\/pages"}],"about":[{"href":"https:\/\/api-lux.be\/index.php\/wp-json\/wp\/v2\/types\/page"}],"author":[{"embeddable":true,"href":"https:\/\/api-lux.be\/index.php\/wp-json\/wp\/v2\/users\/6"}],"replies":[{"embeddable":true,"href":"https:\/\/api-lux.be\/index.php\/wp-json\/wp\/v2\/comments?post=1813"}],"version-history":[{"count":48,"href":"https:\/\/api-lux.be\/index.php\/wp-json\/wp\/v2\/pages\/1813\/revisions"}],"predecessor-version":[{"id":8454,"href":"https:\/\/api-lux.be\/index.php\/wp-json\/wp\/v2\/pages\/1813\/revisions\/8454"}],"wp:attachment":[{"href":"https:\/\/api-lux.be\/index.php\/wp-json\/wp\/v2\/media?parent=1813"}],"curies":[{"name":"wp","href":"https:\/\/api.w.org\/{rel}","templated":true}]}}