{"id":12,"date":"2024-10-28T14:38:04","date_gmt":"2024-10-28T13:38:04","guid":{"rendered":"http:\/\/localhost\/mdi_w\/?page_id=12"},"modified":"2025-08-28T15:07:37","modified_gmt":"2025-08-28T13:07:37","slug":"liens-utiles","status":"publish","type":"page","link":"https:\/\/api-lux.be\/index.php\/liens-utiles\/","title":{"rendered":"Liens utiles"},"content":{"rendered":"\n<style>\n  .carte-grid {\n    display: flex;\n    flex-wrap: wrap;\n    justify-content: space-between;\n    gap: 1.5rem;\n    margin-top: 2rem;\n  }\n\n  .carte {\n    flex: 1 1 calc(33.33% - 1rem);\n    box-sizing: border-box;\n    min-height: 260px;\n    padding: 1.5rem;\n    border-radius: 1rem;\n    display: flex;\n    flex-direction: column;\n    justify-content: space-between;\n    text-decoration: none;\n    color: #383d75;\n    transition: transform 0.3s ease, box-shadow 0.3s ease;\n  }\n\n  .carte:hover {\n    transform: translateY(-5px);\n    box-shadow: 0 8px 20px rgba(0,0,0,0.15);\n  }\n\n  .fond-orange {\n    background-color: #febd6d;\n  }\n\n  .cadre-orange {\n    border: 2px solid #febd6d;\n    background-color: white;\n  }\n\n  .carte-blanche {\n    background-color: white;\n    color: #383d75;\n    border: 2px solid #383d75; \/* optionnel pour encadrer la carte *\/\n  }\n\n  .carte h3 {\n    margin-top: 0;\n    color: inherit; \/* h\u00e9rite de la couleur d\u00e9finie pour chaque carte *\/\n  }\n\n  .carte p {\n    color: inherit;\n  }\n\n  .carte span {\n    font-weight: bold;\n    text-decoration: underline;\n    margin-top: auto;\n    display: inline-block;\n    color: inherit;\n  }\n\n  @media (max-width: 900px) {\n    .carte {\n      flex: 1 1 calc(50% - 1rem);\n    }\n  }\n\n  @media (max-width: 600px) {\n    .carte {\n      flex: 1 1 100%;\n    }\n  }\n\n  .cta-large {\n    display: block;\n    margin-top: 3rem;\n    width: 100%;\n    background-color: #383d75;\n    border-radius: 1rem;\n    padding: 1.5rem;\n    text-align: center;\n    box-shadow: 0 4px 12px rgba(0,0,0,0.1);\n    color: #febd6d;\n    font-size: 1.2rem;\n    font-weight: bold;\n    text-decoration: none;\n    transition: all 0.3s ease;\n    cursor: pointer;\n  }\n\n  .cta-large:hover {\n    background-color: #4b4f91;\n    transform: scale(1.02);\n    box-shadow: 0 6px 16px rgba(0,0,0,0.15);\n    color: #ffd98e;\n  }\n<\/style>\n\n<div class=\"carte-grid\">\n  <a href=\"https:\/\/www.aviq.be\/fr\" class=\"carte fond-orange\" target=\"_blank\">\n    <h3>AViQ<\/h3>\n    <p>G\u00e8re les mati\u00e8res li\u00e9es au bien-\u00eatre, \u00e0 la sant\u00e9, au handicap et aux allocations familiales.<\/p>\n    <span>\ud83d\udc49 En savoir plus<\/span>\n  <\/a>\n\n  <a href=\"https:\/\/capal-asbl.be\/\" class=\"carte cadre-orange\" target=\"_blank\">\n    <h3>CAPAL<\/h3>\n    <p>Centre d\u2019Action Pour l\u2019Autisme en province de Luxembourg.<\/p>\n    <span>\ud83d\udc49 En savoir plus<\/span>\n  <\/a>\n\n  <a href=\"https:\/\/matilda-lux.be\/equipes-mobiles-lodyssee\/\" class=\"carte fond-orange\" target=\"_blank\">\n    <h3>\u00c9quipes mobiles de l\u2019Odyss\u00e9e<\/h3>\n    <p>Pour les enfants\/adolescents avec un probl\u00e8me de sant\u00e9 mentale jusqu\u2019\u00e0 23 ans.<\/p>\n    <span>\ud83d\udc49 En savoir plus<\/span>\n  <\/a>\n\n  <a href=\"https:\/\/www.implaprovidence.be\/\" class=\"carte cadre-orange\" target=\"_blank\">\n    <h3>La Providence \u2013 SRJ<\/h3>\n    <p>Service R\u00e9sidentiel pour Jeunes avec troubles du comportement ou d\u00e9ficience intellectuelle.<\/p>\n    <span>\ud83d\udc49 En savoir plus<\/span>\n  <\/a>\n\n  <a href=\"http:\/\/www.promemploi.be\/\" class=\"carte fond-orange\" target=\"_blank\">\n    <h3>Le Tisserand<\/h3>\n    <p>Dispositif de Soutien \u00e0 l\u2019Inclusion agr\u00e9\u00e9 par l\u2019AViQ, soutenu par le FSE.<\/p>\n    <span>\ud83d\udc49 En savoir plus<\/span>\n  <\/a>\n\n  <a href=\"https:\/\/www.lureso.be\/page\/index.php\" class=\"carte cadre-orange\" target=\"_blank\">\n    <h3>Lureso<\/h3>\n    <p>R\u00e9pertoire social et sant\u00e9 de la province de Luxembourg.<\/p>\n    <span>\ud83d\udc49 En savoir plus<\/span>\n  <\/a>\n\n  <a href=\"https:\/\/psylux.be\/\" class=\"carte fond-orange\" target=\"_blank\">\n    <h3>PsyLux<\/h3>\n    <p>Soins psychologiques en premi\u00e8re ligne et sp\u00e9cialis\u00e9s.<\/p>\n    <span>\ud83d\udc49 En savoir plus<\/span>\n  <\/a>\n\n  <a href=\"https:\/\/matilda-lux.be\/\" class=\"carte cadre-orange\" target=\"_blank\">\n    <h3>R\u00e9seau Matilda<\/h3>\n    <p>R\u00e9seau intersectoriel de sant\u00e9 mentale pour enfants et adolescents.<\/p>\n    <span>\ud83d\udc49 En savoir plus<\/span>\n  <\/a>\n\n  <a href=\"https:\/\/www.premierspasasbl.be\/\" class=\"carte fond-orange\" target=\"_blank\">\n    <h3>Service SAJE<\/h3>\n    <p>Accompagnement des familles avec enfants de 0 \u00e0 8 ans ayant des besoins sp\u00e9cifiques.<\/p>\n    <span>\ud83d\udc49 En savoir plus<\/span>\n  <\/a>\n\n  <!-- Carte Points Handicontacts en blanc et texte bleu -->\n  <a href=\"https:\/\/www.aviq.be\/sites\/default\/files\/documents\/2022-06\/handicontacts-Luxembourg.pdf\" class=\"carte carte-blanche\" target=\"_blank\">\n    <h3>Points Handicontacts<\/h3>\n    <p>Informer et orienter les personnes dans le domaine du handicap. Le r\u00e9seau des Handicontacts est soutenu par l\u2019Agence pour une Vie de Qualit\u00e9 (AVIQ).<\/p>\n    <span>\ud83d\udc49 Consulter le PDF<\/span>\n  <\/a>\n<\/div>\n\n<a href=\"https:\/\/matilda-lux.be\/les-reseaux-de-sante-mentale-belges\/\" class=\"cta-large\" target=\"_blank\">\n  \ud83d\udc49 Le R\u00e9seau de Sant\u00e9 Mentale Belge\n<\/a>\n\n\n\n<p><\/p>\n","protected":false},"excerpt":{"rendered":"<p>AViQ G\u00e8re les mati\u00e8res li\u00e9es au bien-\u00eatre, \u00e0 la sant\u00e9, au handicap et aux allocations familiales. \ud83d\udc49 En savoir plus CAPAL Centre d\u2019Action Pour l\u2019Autisme en province de Luxembourg. \ud83d\udc49 [&hellip;]<\/p>\n","protected":false},"author":1,"featured_media":0,"parent":0,"menu_order":0,"comment_status":"closed","ping_status":"closed","template":"","meta":{"iawp_total_views":306,"footnotes":""},"class_list":["post-12","page","type-page","status-publish","hentry"],"_links":{"self":[{"href":"https:\/\/api-lux.be\/index.php\/wp-json\/wp\/v2\/pages\/12","targetHints":{"allow":["GET"]}}],"collection":[{"href":"https:\/\/api-lux.be\/index.php\/wp-json\/wp\/v2\/pages"}],"about":[{"href":"https:\/\/api-lux.be\/index.php\/wp-json\/wp\/v2\/types\/page"}],"author":[{"embeddable":true,"href":"https:\/\/api-lux.be\/index.php\/wp-json\/wp\/v2\/users\/1"}],"replies":[{"embeddable":true,"href":"https:\/\/api-lux.be\/index.php\/wp-json\/wp\/v2\/comments?post=12"}],"version-history":[{"count":60,"href":"https:\/\/api-lux.be\/index.php\/wp-json\/wp\/v2\/pages\/12\/revisions"}],"predecessor-version":[{"id":8281,"href":"https:\/\/api-lux.be\/index.php\/wp-json\/wp\/v2\/pages\/12\/revisions\/8281"}],"wp:attachment":[{"href":"https:\/\/api-lux.be\/index.php\/wp-json\/wp\/v2\/media?parent=12"}],"curies":[{"name":"wp","href":"https:\/\/api.w.org\/{rel}","templated":true}]}}